{"id":2138,"date":"2017-01-18T14:16:02","date_gmt":"2017-01-18T14:16:02","guid":{"rendered":"https:\/\/aborszerintem.hu\/a-kostolomrol\/"},"modified":"2023-04-11T17:26:30","modified_gmt":"2023-04-11T16:26:30","slug":"about-kostolom","status":"publish","type":"page","link":"https:\/\/aborszerintem.hu\/en\/about-kostolom\/","title":{"rendered":"About K\u00f3stolom"},"content":{"rendered":"\t\t<div data-elementor-type=\"wp-page\" data-elementor-id=\"2138\" class=\"elementor elementor-2138 elementor-15\" data-elementor-post-type=\"page\">\n\t\t\t\t\t\t<section class=\"elementor-section elementor-top-section elementor-element elementor-element-5a75b3c elementor-section-full_width elementor-section-height-min-height elementor-section-height-default elementor-section-items-middle\" data-id=\"5a75b3c\" data-element_type=\"section\" data-settings=\"{&quot;background_background&quot;:&quot;classic&quot;}\">\n\t\t\t\t\t\t<div class=\"elementor-container elementor-column-gap-default\">\n\t\t\t\t\t<div class=\"elementor-column elementor-col-100 elementor-top-column elementor-element elementor-element-0fa96f7\" data-id=\"0fa96f7\" data-element_type=\"column\" data-settings=\"{&quot;background_background&quot;:&quot;classic&quot;}\">\n\t\t\t<div class=\"elementor-widget-wrap elementor-element-populated\">\n\t\t\t\t\t<div class=\"elementor-background-overlay\"><\/div>\n\t\t\t\t\t\t<div class=\"elementor-element elementor-element-d4f05be elementor-widget elementor-widget-spacer\" data-id=\"d4f05be\" data-element_type=\"widget\" data-widget_type=\"spacer.default\">\n\t\t\t\t<div class=\"elementor-widget-container\">\n\t\t\t\t\t\t\t<div class=\"elementor-spacer\">\n\t\t\t<div class=\"elementor-spacer-inner\"><\/div>\n\t\t<\/div>\n\t\t\t\t\t\t<\/div>\n\t\t\t\t<\/div>\n\t\t\t\t<section class=\"elementor-section elementor-inner-section elementor-element elementor-element-034277c elementor-section-boxed elementor-section-height-default elementor-section-height-default\" data-id=\"034277c\" data-element_type=\"section\">\n\t\t\t\t\t\t<div class=\"elementor-container elementor-column-gap-default\">\n\t\t\t\t\t<div class=\"elementor-column elementor-col-33 elementor-inner-column elementor-element elementor-element-7b61bec\" data-id=\"7b61bec\" data-element_type=\"column\">\n\t\t\t<div class=\"elementor-widget-wrap\">\n\t\t\t\t\t\t\t<\/div>\n\t\t<\/div>\n\t\t\t\t<div class=\"elementor-column elementor-col-33 elementor-inner-column elementor-element elementor-element-985a4a0\" data-id=\"985a4a0\" data-element_type=\"column\">\n\t\t\t<div class=\"elementor-widget-wrap elementor-element-populated\">\n\t\t\t\t\t\t<div class=\"elementor-element elementor-element-75d8dd4 elementor-widget elementor-widget-heading\" data-id=\"75d8dd4\" data-element_type=\"widget\" data-widget_type=\"heading.default\">\n\t\t\t\t<div class=\"elementor-widget-container\">\n\t\t\t\t\t<h1 class=\"elementor-heading-title elementor-size-xxl\">K\u00f3stolom Winebar<\/h1>\t\t\t\t<\/div>\n\t\t\t\t<\/div>\n\t\t\t\t\t<\/div>\n\t\t<\/div>\n\t\t\t\t<div class=\"elementor-column elementor-col-33 elementor-inner-column elementor-element elementor-element-3b2d9e1\" data-id=\"3b2d9e1\" data-element_type=\"column\">\n\t\t\t<div class=\"elementor-widget-wrap\">\n\t\t\t\t\t\t\t<\/div>\n\t\t<\/div>\n\t\t\t\t\t<\/div>\n\t\t<\/section>\n\t\t\t\t<div class=\"elementor-element elementor-element-70a2d2e elementor-widget elementor-widget-spacer\" data-id=\"70a2d2e\" data-element_type=\"widget\" data-widget_type=\"spacer.default\">\n\t\t\t\t<div class=\"elementor-widget-container\">\n\t\t\t\t\t\t\t<div class=\"elementor-spacer\">\n\t\t\t<div class=\"elementor-spacer-inner\"><\/div>\n\t\t<\/div>\n\t\t\t\t\t\t<\/div>\n\t\t\t\t<\/div>\n\t\t\t\t\t<\/div>\n\t\t<\/div>\n\t\t\t\t\t<\/div>\n\t\t<\/section>\n\t\t\t\t<section class=\"elementor-section elementor-top-section elementor-element elementor-element-97f3e4e elementor-section-boxed elementor-section-height-default elementor-section-height-default\" data-id=\"97f3e4e\" data-element_type=\"section\" data-settings=\"{&quot;background_background&quot;:&quot;classic&quot;}\">\n\t\t\t\t\t\t<div class=\"elementor-container elementor-column-gap-default\">\n\t\t\t\t\t<div class=\"elementor-column elementor-col-100 elementor-top-column elementor-element elementor-element-bad12c4\" data-id=\"bad12c4\" data-element_type=\"column\">\n\t\t\t<div class=\"elementor-widget-wrap elementor-element-populated\">\n\t\t\t\t\t\t<div class=\"elementor-element elementor-element-b7a5700 elementor-widget elementor-widget-heading\" data-id=\"b7a5700\" data-element_type=\"widget\" data-widget_type=\"heading.default\">\n\t\t\t\t<div class=\"elementor-widget-container\">\n\t\t\t\t\t<h1 class=\"elementor-heading-title elementor-size-default\">About K\u00f3stolom<\/h1>\t\t\t\t<\/div>\n\t\t\t\t<\/div>\n\t\t\t\t<div class=\"elementor-element elementor-element-5a0bd58 elementor-widget elementor-widget-heading\" data-id=\"5a0bd58\" data-element_type=\"widget\" data-widget_type=\"heading.default\">\n\t\t\t\t<div class=\"elementor-widget-container\">\n\t\t\t\t\t<h2 class=\"elementor-heading-title elementor-size-large\">we need a place<\/h2>\t\t\t\t<\/div>\n\t\t\t\t<\/div>\n\t\t\t\t<div class=\"elementor-element elementor-element-a81d0ed elementor-widget elementor-widget-spacer\" data-id=\"a81d0ed\" data-element_type=\"widget\" data-widget_type=\"spacer.default\">\n\t\t\t\t<div class=\"elementor-widget-container\">\n\t\t\t\t\t\t\t<div class=\"elementor-spacer\">\n\t\t\t<div class=\"elementor-spacer-inner\"><\/div>\n\t\t<\/div>\n\t\t\t\t\t\t<\/div>\n\t\t\t\t<\/div>\n\t\t\t\t<section class=\"elementor-section elementor-inner-section elementor-element elementor-element-0062877 elementor-section-boxed elementor-section-height-default elementor-section-height-default\" data-id=\"0062877\" data-element_type=\"section\">\n\t\t\t\t\t\t<div class=\"elementor-container elementor-column-gap-default\">\n\t\t\t\t\t<div class=\"elementor-column elementor-col-50 elementor-inner-column elementor-element elementor-element-ecf7dd1\" data-id=\"ecf7dd1\" data-element_type=\"column\">\n\t\t\t<div class=\"elementor-widget-wrap elementor-element-populated\">\n\t\t\t\t\t\t<div class=\"elementor-element elementor-element-c22e41e elementor-widget elementor-widget-text-editor\" data-id=\"c22e41e\" data-element_type=\"widget\" data-widget_type=\"text-editor.default\">\n\t\t\t\t<div class=\"elementor-widget-container\">\n\t\t\t\t\t\t\t\t\t<p>K\u00f3stolom borb\u00e1r is a charming and cozy wine bar located in the heart of Budapest, Hungary. From the moment you step inside, you are greeted with a warm and welcoming atmosphere that invites you to relax and enjoy the experience.<\/p><p>The selection of wines at K\u00f3stolom borb\u00e1r is impressive, with a wide variety of local and international wines available by the glass or bottle. The knowledgeable and friendly staff are always happy to make recommendations and guide you through the menu to help you find the perfect wine for your taste.<\/p><p>In addition to the excellent wine selection, K\u00f3stolom borb\u00e1r also offers a delicious selection of cheese and charcuterie boards that pair perfectly with the wines. The cheese and charcuterie are of the highest quality, and the presentation is beautiful and thoughtfully arranged.<\/p><p>What sets K\u00f3stolom borb\u00e1r apart is the attention to detail and the commitment to creating a memorable experience for every guest. From the comfortable seating to the dim lighting and the gentle music in the background, every aspect of the wine bar has been carefully considered to create a cozy and intimate atmosphere.<\/p><p>Overall, K\u00f3stolom borb\u00e1r is a must-visit destination for wine lovers visiting Budapest. With its excellent wine selection, delicious food, and cozy atmosphere, it is the perfect place to unwind and enjoy the best that Hungarian wine culture has to offer.<\/p><p>\u00a0<\/p>\t\t\t\t\t\t\t\t<\/div>\n\t\t\t\t<\/div>\n\t\t\t\t\t<\/div>\n\t\t<\/div>\n\t\t\t\t<div class=\"elementor-column elementor-col-50 elementor-inner-column elementor-element elementor-element-4489e0a\" data-id=\"4489e0a\" data-element_type=\"column\">\n\t\t\t<div class=\"elementor-widget-wrap elementor-element-populated\">\n\t\t\t\t\t\t<div class=\"elementor-element elementor-element-1a9f62b elementor-widget elementor-widget-text-editor\" data-id=\"1a9f62b\" data-element_type=\"widget\" data-widget_type=\"text-editor.default\">\n\t\t\t\t<div class=\"elementor-widget-container\">\n\t\t\t\t\t\t\t\t\t<p><strong>Location:<\/strong> K\u00f3stolom borb\u00e1r is located in the heart of Budapest, near several popular tourist attractions such as St. Stephen&#8217;s Basilica and the Hungarian Parliament Building. It is easily accessible by public transportation or on foot.<\/p><p><strong>Reservations:<\/strong> It is recommended to make a reservation in advance, especially during peak tourist season, as the wine bar can get quite busy.<\/p><p><strong>Wine Selection:<\/strong> K\u00f3stolom borb\u00e1r offers an extensive selection of local and international wines, with knowledgeable staff on hand to help guide you through the menu and make recommendations based on your preferences.<\/p><p><strong>Food<\/strong>: In addition to the excellent wine selection, K\u00f3stolom borb\u00e1r also offers a delicious selection of cheese and charcuterie boards that pair perfectly with the wines.<\/p><p><strong>Atmosphere:<\/strong> K\u00f3stolom borb\u00e1r has a cozy and intimate atmosphere, perfect for a relaxing evening with friends or a romantic date. The lighting is dim and the music is soft, creating a comfortable and inviting environment.<\/p><p><strong>Prices:<\/strong> Prices at K\u00f3stolom borb\u00e1r are reasonable and comparable to other wine bars in Budapest, with a range of options to suit different budgets.<\/p><p>Overall, K\u00f3stolom borb\u00e1r is a must-visit destination for wine lovers visiting Budapest, offering a delightful experience of Hungarian wine culture in a cozy and welcoming environment.<\/p>\t\t\t\t\t\t\t\t<\/div>\n\t\t\t\t<\/div>\n\t\t\t\t\t<\/div>\n\t\t<\/div>\n\t\t\t\t\t<\/div>\n\t\t<\/section>\n\t\t\t\t\t<\/div>\n\t\t<\/div>\n\t\t\t\t\t<\/div>\n\t\t<\/section>\n\t\t\t\t<section class=\"elementor-section elementor-top-section elementor-element elementor-element-76480fe elementor-section-boxed elementor-section-height-default elementor-section-height-default\" data-id=\"76480fe\" data-element_type=\"section\">\n\t\t\t\t\t\t<div class=\"elementor-container elementor-column-gap-default\">\n\t\t\t\t\t<div class=\"elementor-column elementor-col-100 elementor-top-column elementor-element elementor-element-74f688a\" data-id=\"74f688a\" data-element_type=\"column\">\n\t\t\t<div class=\"elementor-widget-wrap elementor-element-populated\">\n\t\t\t\t\t\t<div class=\"elementor-element elementor-element-8d0add4 elementor-widget elementor-widget-video\" data-id=\"8d0add4\" data-element_type=\"widget\" data-settings=\"{&quot;youtube_url&quot;:&quot;https:\\\/\\\/www.youtube.com\\\/watch?v=p6l-9zd2m60&quot;,&quot;video_type&quot;:&quot;youtube&quot;,&quot;controls&quot;:&quot;yes&quot;}\" data-widget_type=\"video.default\">\n\t\t\t\t<div class=\"elementor-widget-container\">\n\t\t\t\t\t\t\t<div class=\"elementor-wrapper elementor-open-inline\">\n\t\t\t<div class=\"elementor-video\"><\/div>\t\t<\/div>\n\t\t\t\t\t\t<\/div>\n\t\t\t\t<\/div>\n\t\t\t\t\t<\/div>\n\t\t<\/div>\n\t\t\t\t\t<\/div>\n\t\t<\/section>\n\t\t\t\t<\/div>\n\t\t","protected":false},"excerpt":{"rendered":"<p>K\u00f3stolom Winebar About K\u00f3stolom we need a place K\u00f3stolom borb\u00e1r is a charming and cozy wine bar located in the heart of Budapest, Hungary. From the moment you step inside, you are greeted with a warm and welcoming atmosphere that invites you to relax and enjoy the experience. The selection of wines at K\u00f3stolom borb\u00e1r [&hellip;]<\/p>\n","protected":false},"author":1,"featured_media":0,"parent":0,"menu_order":0,"comment_status":"closed","ping_status":"closed","template":"","meta":{"footnotes":""},"class_list":["post-2138","page","type-page","status-publish","hentry"],"_links":{"self":[{"href":"https:\/\/aborszerintem.hu\/en\/wp-json\/wp\/v2\/pages\/2138","targetHints":{"allow":["GET"]}}],"collection":[{"href":"https:\/\/aborszerintem.hu\/en\/wp-json\/wp\/v2\/pages"}],"about":[{"href":"https:\/\/aborszerintem.hu\/en\/wp-json\/wp\/v2\/types\/page"}],"author":[{"embeddable":true,"href":"https:\/\/aborszerintem.hu\/en\/wp-json\/wp\/v2\/users\/1"}],"replies":[{"embeddable":true,"href":"https:\/\/aborszerintem.hu\/en\/wp-json\/wp\/v2\/comments?post=2138"}],"version-history":[{"count":5,"href":"https:\/\/aborszerintem.hu\/en\/wp-json\/wp\/v2\/pages\/2138\/revisions"}],"predecessor-version":[{"id":16164,"href":"https:\/\/aborszerintem.hu\/en\/wp-json\/wp\/v2\/pages\/2138\/revisions\/16164"}],"wp:attachment":[{"href":"https:\/\/aborszerintem.hu\/en\/wp-json\/wp\/v2\/media?parent=2138"}],"curies":[{"name":"wp","href":"https:\/\/api.w.org\/{rel}","templated":true}]}}